{"id":586,"date":"2026-03-05T13:12:27","date_gmt":"2026-03-05T12:12:27","guid":{"rendered":"https:\/\/vitaclinic.hu\/?page_id=586"},"modified":"2026-03-31T11:48:37","modified_gmt":"2026-03-31T09:48:37","slug":"blog","status":"publish","type":"page","link":"https:\/\/vitaclinic.hu\/de\/blog\/","title":{"rendered":"Blog"},"content":{"rendered":"<div data-elementor-type=\"wp-page\" data-elementor-id=\"586\" class=\"elementor elementor-586\" data-elementor-post-type=\"page\">\n\t\t\t\t<div class=\"elementor-element elementor-element-4c4d7114 e-con-full e-flex e-con e-parent\" data-id=\"4c4d7114\" data-element_type=\"container\" data-e-type=\"container\">\n\t\t<div class=\"elementor-element elementor-element-5ce3a51a e-con-full e-flex e-con e-child\" data-id=\"5ce3a51a\" data-element_type=\"container\" data-e-type=\"container\" data-settings=\"{&quot;background_background&quot;:&quot;classic&quot;}\">\n\t\t<div class=\"elementor-element elementor-element-71dcb584 e-flex e-con-boxed e-con e-child\" data-id=\"71dcb584\" data-element_type=\"container\" data-e-type=\"container\">\n\t\t\t\t\t<div class=\"e-con-inner\">\n\t\t\t\t<div class=\"elementor-element elementor-element-79aeb34c elementor-widget__width-initial elementor-widget-mobile__width-inherit elementor-invisible elementor-widget elementor-widget-heading\" data-id=\"79aeb34c\" data-element_type=\"widget\" data-e-type=\"widget\" data-settings=\"{&quot;_animation&quot;:&quot;fadeInDown&quot;,&quot;_animation_delay&quot;:100}\" data-widget_type=\"heading.default\">\n\t\t\t\t\t<h1 class=\"elementor-heading-title elementor-size-default\">Blog Gesundes L\u00e4cheln<\/h1>\t\t\t\t<\/div>\n\t\t\t\t<div class=\"elementor-element elementor-element-fee86a8 elementor-widget__width-initial elementor-widget-mobile__width-inherit elementor-invisible elementor-widget elementor-widget-text-editor\" data-id=\"fee86a8\" data-element_type=\"widget\" data-e-type=\"widget\" data-settings=\"{&quot;_animation&quot;:&quot;fadeInDown&quot;,&quot;_animation_delay&quot;:200}\" data-widget_type=\"text-editor.default\">\n\t\t\t\t\t\t\t\t\tN\u00fctzliche Informationen, Expertenrat und interessante Fakten aus der Welt der Zahnmedizin. Unser Blog hilft Ihnen, sich bei Behandlungen, Mundpflege und modernen Dentall\u00f6sungen zurechtzufinden.\t\t\t\t\t\t\t\t<\/div>\n\t\t\t\t<div class=\"elementor-element elementor-element-51fcd405 elementor-align-right elementor-invisible elementor-widget elementor-widget-button\" data-id=\"51fcd405\" data-element_type=\"widget\" data-e-type=\"widget\" data-settings=\"{&quot;_animation&quot;:&quot;fadeInDown&quot;,&quot;_animation_delay&quot;:300}\" data-widget_type=\"button.default\">\n\t\t\t\t\t\t\t\t\t\t<a class=\"elementor-button elementor-button-link elementor-size-sm\" href=\"#kapcsolat\">\n\t\t\t\t\t\t<span class=\"elementor-button-content-wrapper\">\n\t\t\t\t\t\t<span class=\"elementor-button-icon\">\n\t\t\t\t<svg xmlns=\"http:\/\/www.w3.org\/2000\/svg\" width=\"800px\" height=\"800px\" viewbox=\"0 0 24 24\" fill=\"#ffff\" stroke=\"#ffff\"><g id=\"SVGRepo_bgCarrier\" stroke-width=\"0\"><\/g><g id=\"SVGRepo_tracerCarrier\" stroke-linecap=\"round\" stroke-linejoin=\"round\"><\/g><g id=\"SVGRepo_iconCarrier\"><title><\/title><g id=\"Complete\"><g id=\"arrow-right\"><g><polyline data-name=\"Right\" fill=\"none\" id=\"Right-2\" points=\"16.4 7 21.5 12 16.4 17\" stroke=\"#fff\" stroke-linecap=\"round\" stroke-linejoin=\"round\" stroke-width=\"2\"><\/polyline><line fill=\"none\" stroke=\"#fff\" stroke-linecap=\"round\" stroke-linejoin=\"round\" stroke-width=\"2\" x1=\"2.5\" x2=\"19.2\" y1=\"12\" y2=\"12\"><\/line><\/g><\/g><\/g><\/g><\/svg>\t\t\t<\/span>\n\t\t\t\t\t\t\t\t\t<span class=\"elementor-button-text\">Vereinbaren Sie einen Termin f\u00fcr ein Beratungsgespr\u00e4ch<\/span>\n\t\t\t\t\t<\/span>\n\t\t\t\t\t<\/a>\n\t\t\t\t\t\t\t\t<\/div>\n\t\t\t\t\t<\/div>\n\t\t\t\t<\/div>\n\t\t\t\t<\/div>\n\t\t\t\t<\/div>\n\t\t<div class=\"elementor-element elementor-element-131216eb e-con-full e-flex e-con e-parent\" data-id=\"131216eb\" data-element_type=\"container\" data-e-type=\"container\">\n\t\t<div class=\"elementor-element elementor-element-47b4da25 e-flex e-con-boxed e-con e-child\" data-id=\"47b4da25\" data-element_type=\"container\" data-e-type=\"container\">\n\t\t\t\t\t<div class=\"e-con-inner\">\n\t\t\t\t<div class=\"elementor-element elementor-element-1e348361 uael-equal__height-yes uael-post__filter-align-left uael-posts-thumbnail-ratio elementor-widget elementor-widget-uael-posts\" data-id=\"1e348361\" data-element_type=\"widget\" data-e-type=\"widget\" data-settings=\"{&quot;classic_show_filters&quot;:&quot;yes&quot;,&quot;classic_slides_to_show&quot;:3,&quot;classic_slides_to_show_tablet&quot;:2,&quot;classic_slides_to_show_mobile&quot;:1}\" data-widget_type=\"uael-posts.classic\">\n\t\t\t\t<div class=\"elementor-widget-container\">\n\t\t\t\t\t\t\t<div class=\"uael-post__header\">\n\t\t\t\t\t<div class=\"uael-post__header-filters-wrap uael-posts-tabs-dropdown\">\n\t\t\t<ul class=\"uael-post__header-filters\" aria-label=\"Taxonomie-Filter\">\n\t\t\t\t<li class=\"uael-post__header-filter uael-filter__current\" data-filter=\"*\">Alle<\/li>\n\t\t\t\t\t\t\t\t<li class=\"uael-post__header-filter\" data-filter=\".esztetikai-fogaszat\" tabindex=\"0\">\u00c4sthetische Zahnmedizin<\/li>\n\t\t\t\t\t\t\t\t<li class=\"uael-post__header-filter\" data-filter=\".fogaszati-kezelesek\" tabindex=\"0\">Zahnbehandlungen<\/li>\n\t\t\t\t\t\t\t\t<li class=\"uael-post__header-filter\" data-filter=\".fogszabalyozas\" tabindex=\"0\">Zahnregulierung<\/li>\n\t\t\t\t\t\t\t\t<li class=\"uael-post__header-filter\" data-filter=\".szajapolas-es-megelozes\" tabindex=\"0\">Mundpflege und Pr\u00e4vention<\/li>\n\t\t\t\t\t\t\t<\/ul>\n\n\t\t\t\t\t\t\t<div class=\"uael-filters-dropdown\">\n\t\t\t\t\t<div class=\"uael-filters-dropdown-button\">Alle<i class=\"fa fa-angle-down\"><\/i><\/div>\n\n\t\t\t\t\t<ul class=\"uael-filters-dropdown-list uael-post__header-filters\">\n\t\t\t\t\t\t<li class=\"uael-filters-dropdown-item uael-post__header-filter uael-filter__current\" data-filter=\"*\">Alle<\/li>\n\t\t\t\t\t\t\t\t\t\t\t\t<li class=\"uael-filters-dropdown-item uael-post__header-filter\" data-filter=\".esztetikai-fogaszat\">\u00c4sthetische Zahnmedizin<\/li>\n\t\t\t\t\t\t\t\t\t\t\t\t<li class=\"uael-filters-dropdown-item uael-post__header-filter\" data-filter=\".fogaszati-kezelesek\">Zahnbehandlungen<\/li>\n\t\t\t\t\t\t\t\t\t\t\t\t<li class=\"uael-filters-dropdown-item uael-post__header-filter\" data-filter=\".fogszabalyozas\">Zahnregulierung<\/li>\n\t\t\t\t\t\t\t\t\t\t\t\t<li class=\"uael-filters-dropdown-item uael-post__header-filter\" data-filter=\".szajapolas-es-megelozes\">Mundpflege und Pr\u00e4vention<\/li>\n\t\t\t\t\t\t\t\t\t\t\t<\/ul>\n\t\t\t\t<\/div>\n\t\t\t\t\t<\/div>\n\t\t\t\t<\/div>\n\t\t<div class=\"uael-post__body\">\n\t\t\t\n\t\t\n\t\t<div class=\"uael-blog-terms-position-above_content uael-post-image-top uael-post-grid uael-posts\" data-query-type=\"custom\" data-structure=\"normal\" data-layout=\"\" data-page=\"586\" data-skin=\"classic\" data-filter-default=\"\u00d6sszes\" data-offset-top=\"30\" >\n\n\t\t\t\t\t\t\t<div class=\"uael-post-grid__inner uael-post__columns-3 uael-post__columns-tablet-2 uael-post__columns-mobile-1\">\n\t\t\t\n<div class=\"uael-post-wrapper szajapolas-es-megelozes  sz\u00e1j\u00e1pol\u00e1s-\u00e9s-megel\u0151z\u00e9s\">\n\t<div class=\"uael-post__bg-wrap uael-bg-wrap-disabled\">\n\n\t\t\t\t\n\t\t<div class=\"uael-post__inner-wrap uael-inner-wrap-disabled\">\n\n\t\t\t\t<div class=\"uael-post__thumbnail\">\n\t\t\t\n\t\t\t<a href=\"https:\/\/vitaclinic.hu\/de\/miert-fontos-a-rendszeres-fogorvosi-ellenorzes\/\" target=\"_self\" title=\"Warum sind regelm\u00e4\u00dfige zahn\u00e4rztliche Kontrolluntersuchungen wichtig?\"><img fetchpriority=\"high\" decoding=\"async\" width=\"2560\" height=\"1920\" src=\"https:\/\/vitaclinic.hu\/wp-content\/uploads\/2026\/03\/20251116_132130-scaled.webp\" class=\"attachment-full size-full wp-image-582\" alt=\"\" srcset=\"https:\/\/vitaclinic.hu\/wp-content\/uploads\/2026\/03\/20251116_132130-scaled.webp 2560w, https:\/\/vitaclinic.hu\/wp-content\/uploads\/2026\/03\/20251116_132130-300x225.webp 300w, https:\/\/vitaclinic.hu\/wp-content\/uploads\/2026\/03\/20251116_132130-1024x768.webp 1024w, https:\/\/vitaclinic.hu\/wp-content\/uploads\/2026\/03\/20251116_132130-768x576.webp 768w, https:\/\/vitaclinic.hu\/wp-content\/uploads\/2026\/03\/20251116_132130-1536x1152.webp 1536w, https:\/\/vitaclinic.hu\/wp-content\/uploads\/2026\/03\/20251116_132130-2048x1536.webp 2048w\" sizes=\"(max-width: 2560px) 100vw, 2560px\" \/><\/a>\n\t\t\t\t\t<\/div>\n\t\t\n\t\t\t\n\t\t\t<div class=\"uael-post__content-wrap uael-content-wrap-disabled\">\n\t\t\t\t\t\t\t<div class=\"uael-post__terms-wrap\"><span class=\"uael-post__terms\"><span class=\"uael-listing__terms-link\">Mundpflege und Pr\u00e4vention<\/span><\/span><\/div>\n\t\t\t\t\t\t<h3 class=\"uael-post__title\">\n\n\t\t\n\t\t\t\t\t\t<a href=\"https:\/\/vitaclinic.hu\/de\/miert-fontos-a-rendszeres-fogorvosi-ellenorzes\/\" target=\"_self\">\n\t\t\t\tWarum sind regelm\u00e4\u00dfige zahn\u00e4rztliche Kontrolluntersuchungen wichtig?\t\t\t<\/a>\n\n\t\t\t\t<\/h3>\n\t\t\n\t\t<div class=\"uael-post__excerpt\">\n\t\t\tWarum sind regelm\u00e4\u00dfige zahn\u00e4rztliche Kontrolluntersuchungen wichtig? Regelm\u00e4\u00dfige zahn\u00e4rztliche Kontrolluntersuchungen sind einer der wichtigsten Schritte, um Z\u00e4hne und Zahnfleisch gesund zu erhalten. Viele Menschen gehen nur ...\t\t<\/div>\n\n\t\t\t\t\t<a class=\"uael-post__read-more elementor-button\" href=\"https:\/\/vitaclinic.hu\/de\/miert-fontos-a-rendszeres-fogorvosi-ellenorzes\/\" target=\"_self\" aria-labelledby=\"uael-post-571\">\n\t\t\t\t\t<span class=\"elementor-button-content-wrapper\">\n\t\t\t\t\t\t\t\t\t\t\t\t\t\t<span class=\"elementor-button-icon elementor-align-icon-left\">\n\n\t\t\t\t\t\t\t\t\t\n\t\t\t\t\t\t\t\t<\/span>\n\t\t\t\t\t\t\t\t\t\t\t\t\t\n\t\t\t\t\t\t<span class=\"elementor-button-text\" id=\"uael-post-571\">Mehr lesen \u2192<\/span>\n\t\t\t\t\t<\/span>\n\t\t\t\t<\/a>\n\t\t\t\t\t\t<\/div>\n\t\t\t\n\t\t<\/div>\n\t\t\n\t<\/div>\n\n<\/div>\n\n<div class=\"uael-post-wrapper fogszabalyozas  fogszab\u00e1lyoz\u00e1s\">\n\t<div class=\"uael-post__bg-wrap uael-bg-wrap-disabled\">\n\n\t\t\t\t\n\t\t<div class=\"uael-post__inner-wrap uael-inner-wrap-disabled\">\n\n\t\t\t\t<div class=\"uael-post__thumbnail\">\n\t\t\t\n\t\t\t<a href=\"https:\/\/vitaclinic.hu\/de\/fogszabalyozas-felnottkorban\/\" target=\"_self\" title=\"Kieferorthop\u00e4die im Erwachsenenalter\"><img decoding=\"async\" width=\"2560\" height=\"1920\" src=\"https:\/\/vitaclinic.hu\/wp-content\/uploads\/2026\/03\/20251116_140815-scaled.webp\" class=\"attachment-full size-full wp-image-581\" alt=\"Junge Frau mit Zahnspange\" srcset=\"https:\/\/vitaclinic.hu\/wp-content\/uploads\/2026\/03\/20251116_140815-scaled.webp 2560w, https:\/\/vitaclinic.hu\/wp-content\/uploads\/2026\/03\/20251116_140815-300x225.webp 300w, https:\/\/vitaclinic.hu\/wp-content\/uploads\/2026\/03\/20251116_140815-1024x768.webp 1024w, https:\/\/vitaclinic.hu\/wp-content\/uploads\/2026\/03\/20251116_140815-768x576.webp 768w, https:\/\/vitaclinic.hu\/wp-content\/uploads\/2026\/03\/20251116_140815-1536x1152.webp 1536w, https:\/\/vitaclinic.hu\/wp-content\/uploads\/2026\/03\/20251116_140815-2048x1536.webp 2048w\" sizes=\"(max-width: 2560px) 100vw, 2560px\" \/><\/a>\n\t\t\t\t\t<\/div>\n\t\t\n\t\t\t\n\t\t\t<div class=\"uael-post__content-wrap uael-content-wrap-disabled\">\n\t\t\t\t\t\t\t<div class=\"uael-post__terms-wrap\"><span class=\"uael-post__terms\"><span class=\"uael-listing__terms-link\">Zahnregulierung<\/span><\/span><\/div>\n\t\t\t\t\t\t<h3 class=\"uael-post__title\">\n\n\t\t\n\t\t\t\t\t\t<a href=\"https:\/\/vitaclinic.hu\/de\/fogszabalyozas-felnottkorban\/\" target=\"_self\">\n\t\t\t\tKieferorthop\u00e4die im Erwachsenenalter\t\t\t<\/a>\n\n\t\t\t\t<\/h3>\n\t\t\n\t\t<div class=\"uael-post__excerpt\">\n\t\t\tKieferorthop\u00e4die im Erwachsenenalter - ist das wirklich m\u00f6glich? Viele Menschen denken, dass Kieferorthop\u00e4die nur in der Kindheit oder im Teenageralter m\u00f6glich ist. Doch dank der modernen kieferorthop\u00e4dischen Technik ist es heute m\u00f6glich, ...\t\t<\/div>\n\n\t\t\t\t\t<a class=\"uael-post__read-more elementor-button\" href=\"https:\/\/vitaclinic.hu\/de\/fogszabalyozas-felnottkorban\/\" target=\"_self\" aria-labelledby=\"uael-post-569\">\n\t\t\t\t\t<span class=\"elementor-button-content-wrapper\">\n\t\t\t\t\t\t\t\t\t\t\t\t\t\t<span class=\"elementor-button-icon elementor-align-icon-left\">\n\n\t\t\t\t\t\t\t\t\t\n\t\t\t\t\t\t\t\t<\/span>\n\t\t\t\t\t\t\t\t\t\t\t\t\t\n\t\t\t\t\t\t<span class=\"elementor-button-text\" id=\"uael-post-569\">Mehr lesen \u2192<\/span>\n\t\t\t\t\t<\/span>\n\t\t\t\t<\/a>\n\t\t\t\t\t\t<\/div>\n\t\t\t\n\t\t<\/div>\n\t\t\n\t<\/div>\n\n<\/div>\n\n<div class=\"uael-post-wrapper esztetikai-fogaszat  eszt\u00e9tikai-fog\u00e1szat\">\n\t<div class=\"uael-post__bg-wrap uael-bg-wrap-disabled\">\n\n\t\t\t\t\n\t\t<div class=\"uael-post__inner-wrap uael-inner-wrap-disabled\">\n\n\t\t\t\t<div class=\"uael-post__thumbnail\">\n\t\t\t\n\t\t\t<a href=\"https:\/\/vitaclinic.hu\/de\/mit-erdemes-tudni-a-fogfeheritesrol\/\" target=\"_self\" title=\"Was sollten Sie \u00fcber Zahnaufhellung wissen?\"><img decoding=\"async\" width=\"2560\" height=\"1707\" src=\"https:\/\/vitaclinic.hu\/wp-content\/uploads\/2026\/03\/closeup-young-woman-having-her-teeth-whitened-with-ultraviolet-light-dental-clinic-scaled.webp\" class=\"attachment-full size-full wp-image-580\" alt=\"\" srcset=\"https:\/\/vitaclinic.hu\/wp-content\/uploads\/2026\/03\/closeup-young-woman-having-her-teeth-whitened-with-ultraviolet-light-dental-clinic-scaled.webp 2560w, https:\/\/vitaclinic.hu\/wp-content\/uploads\/2026\/03\/closeup-young-woman-having-her-teeth-whitened-with-ultraviolet-light-dental-clinic-300x200.webp 300w, https:\/\/vitaclinic.hu\/wp-content\/uploads\/2026\/03\/closeup-young-woman-having-her-teeth-whitened-with-ultraviolet-light-dental-clinic-1024x683.webp 1024w, https:\/\/vitaclinic.hu\/wp-content\/uploads\/2026\/03\/closeup-young-woman-having-her-teeth-whitened-with-ultraviolet-light-dental-clinic-768x512.webp 768w, https:\/\/vitaclinic.hu\/wp-content\/uploads\/2026\/03\/closeup-young-woman-having-her-teeth-whitened-with-ultraviolet-light-dental-clinic-1536x1024.webp 1536w, https:\/\/vitaclinic.hu\/wp-content\/uploads\/2026\/03\/closeup-young-woman-having-her-teeth-whitened-with-ultraviolet-light-dental-clinic-2048x1365.webp 2048w\" sizes=\"(max-width: 2560px) 100vw, 2560px\" \/><\/a>\n\t\t\t\t\t<\/div>\n\t\t\n\t\t\t\n\t\t\t<div class=\"uael-post__content-wrap uael-content-wrap-disabled\">\n\t\t\t\t\t\t\t<div class=\"uael-post__terms-wrap\"><span class=\"uael-post__terms\"><span class=\"uael-listing__terms-link\">\u00c4sthetische Zahnmedizin<\/span><\/span><\/div>\n\t\t\t\t\t\t<h3 class=\"uael-post__title\">\n\n\t\t\n\t\t\t\t\t\t<a href=\"https:\/\/vitaclinic.hu\/de\/mit-erdemes-tudni-a-fogfeheritesrol\/\" target=\"_self\">\n\t\t\t\tWas sollten Sie \u00fcber Zahnaufhellung wissen?\t\t\t<\/a>\n\n\t\t\t\t<\/h3>\n\t\t\n\t\t<div class=\"uael-post__excerpt\">\n\t\t\tZahnaufhellung - ein strahlenderes L\u00e4cheln leicht gemacht Die Zahnaufhellung ist eine der beliebtesten \u00e4sthetischen Zahnbehandlungen, die dazu beitragen kann, die nat\u00fcrliche Helligkeit der Z\u00e4hne wiederherzustellen. F\u00fcr ein strahlenderes, wei\u00dferes L\u00e4cheln ...\t\t<\/div>\n\n\t\t\t\t\t<a class=\"uael-post__read-more elementor-button\" href=\"https:\/\/vitaclinic.hu\/de\/mit-erdemes-tudni-a-fogfeheritesrol\/\" target=\"_self\" aria-labelledby=\"uael-post-567\">\n\t\t\t\t\t<span class=\"elementor-button-content-wrapper\">\n\t\t\t\t\t\t\t\t\t\t\t\t\t\t<span class=\"elementor-button-icon elementor-align-icon-left\">\n\n\t\t\t\t\t\t\t\t\t\n\t\t\t\t\t\t\t\t<\/span>\n\t\t\t\t\t\t\t\t\t\t\t\t\t\n\t\t\t\t\t\t<span class=\"elementor-button-text\" id=\"uael-post-567\">Mehr lesen \u2192<\/span>\n\t\t\t\t\t<\/span>\n\t\t\t\t<\/a>\n\t\t\t\t\t\t<\/div>\n\t\t\t\n\t\t<\/div>\n\t\t\n\t<\/div>\n\n<\/div>\n\n<div class=\"uael-post-wrapper szajapolas-es-megelozes  sz\u00e1j\u00e1pol\u00e1s-\u00e9s-megel\u0151z\u00e9s\">\n\t<div class=\"uael-post__bg-wrap uael-bg-wrap-disabled\">\n\n\t\t\t\t\n\t\t<div class=\"uael-post__inner-wrap uael-inner-wrap-disabled\">\n\n\t\t\t\t<div class=\"uael-post__thumbnail\">\n\t\t\t\n\t\t\t<a href=\"https:\/\/vitaclinic.hu\/de\/a-professzionalis-fogtisztitas-elonyei\/\" target=\"_self\" title=\"Die Vorteile einer professionellen Zahnreinigung\"><img loading=\"lazy\" decoding=\"async\" width=\"2560\" height=\"2560\" src=\"https:\/\/vitaclinic.hu\/wp-content\/uploads\/2026\/03\/attractive-young-woman-having-professional-brushing-teeth-stomatology-clinic-scaled.webp\" class=\"attachment-full size-full wp-image-579\" alt=\"Professionelle Zahnreinigung\" srcset=\"https:\/\/vitaclinic.hu\/wp-content\/uploads\/2026\/03\/attractive-young-woman-having-professional-brushing-teeth-stomatology-clinic-scaled.webp 2560w, https:\/\/vitaclinic.hu\/wp-content\/uploads\/2026\/03\/attractive-young-woman-having-professional-brushing-teeth-stomatology-clinic-300x300.webp 300w, https:\/\/vitaclinic.hu\/wp-content\/uploads\/2026\/03\/attractive-young-woman-having-professional-brushing-teeth-stomatology-clinic-1024x1024.webp 1024w, https:\/\/vitaclinic.hu\/wp-content\/uploads\/2026\/03\/attractive-young-woman-having-professional-brushing-teeth-stomatology-clinic-150x150.webp 150w, https:\/\/vitaclinic.hu\/wp-content\/uploads\/2026\/03\/attractive-young-woman-having-professional-brushing-teeth-stomatology-clinic-768x768.webp 768w, https:\/\/vitaclinic.hu\/wp-content\/uploads\/2026\/03\/attractive-young-woman-having-professional-brushing-teeth-stomatology-clinic-1536x1536.webp 1536w, https:\/\/vitaclinic.hu\/wp-content\/uploads\/2026\/03\/attractive-young-woman-having-professional-brushing-teeth-stomatology-clinic-2048x2048.webp 2048w\" sizes=\"(max-width: 2560px) 100vw, 2560px\" \/><\/a>\n\t\t\t\t\t<\/div>\n\t\t\n\t\t\t\n\t\t\t<div class=\"uael-post__content-wrap uael-content-wrap-disabled\">\n\t\t\t\t\t\t\t<div class=\"uael-post__terms-wrap\"><span class=\"uael-post__terms\"><span class=\"uael-listing__terms-link\">Mundpflege und Pr\u00e4vention<\/span><\/span><\/div>\n\t\t\t\t\t\t<h3 class=\"uael-post__title\">\n\n\t\t\n\t\t\t\t\t\t<a href=\"https:\/\/vitaclinic.hu\/de\/a-professzionalis-fogtisztitas-elonyei\/\" target=\"_self\">\n\t\t\t\tDie Vorteile einer professionellen Zahnreinigung\t\t\t<\/a>\n\n\t\t\t\t<\/h3>\n\t\t\n\t\t<div class=\"uael-post__excerpt\">\n\t\t\tProfessionelle Zahnreinigung - warum ist sie wichtig? Trotz t\u00e4glichen Z\u00e4hneputzens k\u00f6nnen sich auf der Oberfl\u00e4che der Z\u00e4hne Plaque und Zahnstein bilden. Zahnstein ist eine verh\u00e4rtete ...\t\t<\/div>\n\n\t\t\t\t\t<a class=\"uael-post__read-more elementor-button\" href=\"https:\/\/vitaclinic.hu\/de\/a-professzionalis-fogtisztitas-elonyei\/\" target=\"_self\" aria-labelledby=\"uael-post-565\">\n\t\t\t\t\t<span class=\"elementor-button-content-wrapper\">\n\t\t\t\t\t\t\t\t\t\t\t\t\t\t<span class=\"elementor-button-icon elementor-align-icon-left\">\n\n\t\t\t\t\t\t\t\t\t\n\t\t\t\t\t\t\t\t<\/span>\n\t\t\t\t\t\t\t\t\t\t\t\t\t\n\t\t\t\t\t\t<span class=\"elementor-button-text\" id=\"uael-post-565\">Mehr lesen \u2192<\/span>\n\t\t\t\t\t<\/span>\n\t\t\t\t<\/a>\n\t\t\t\t\t\t<\/div>\n\t\t\t\n\t\t<\/div>\n\t\t\n\t<\/div>\n\n<\/div>\n\n<div class=\"uael-post-wrapper fogaszati-kezelesek  fog\u00e1szati-kezel\u00e9sek\">\n\t<div class=\"uael-post__bg-wrap uael-bg-wrap-disabled\">\n\n\t\t\t\t\n\t\t<div class=\"uael-post__inner-wrap uael-inner-wrap-disabled\">\n\n\t\t\t\t<div class=\"uael-post__thumbnail\">\n\t\t\t\n\t\t\t<a href=\"https:\/\/vitaclinic.hu\/de\/mikor-erdemes-fogorvoshoz-fordulni\/\" target=\"_self\" title=\"Wann sollten Sie einen Zahnarzt aufsuchen?\"><img loading=\"lazy\" decoding=\"async\" width=\"2157\" height=\"2560\" src=\"https:\/\/vitaclinic.hu\/wp-content\/uploads\/2026\/03\/20251116_132013-scaled.webp\" class=\"attachment-full size-full wp-image-577\" alt=\"Zahn\u00e4rztliche Konsultation\" srcset=\"https:\/\/vitaclinic.hu\/wp-content\/uploads\/2026\/03\/20251116_132013-scaled.webp 2157w, https:\/\/vitaclinic.hu\/wp-content\/uploads\/2026\/03\/20251116_132013-253x300.webp 253w, https:\/\/vitaclinic.hu\/wp-content\/uploads\/2026\/03\/20251116_132013-863x1024.webp 863w, https:\/\/vitaclinic.hu\/wp-content\/uploads\/2026\/03\/20251116_132013-768x911.webp 768w, https:\/\/vitaclinic.hu\/wp-content\/uploads\/2026\/03\/20251116_132013-1294x1536.webp 1294w, https:\/\/vitaclinic.hu\/wp-content\/uploads\/2026\/03\/20251116_132013-1726x2048.webp 1726w\" sizes=\"(max-width: 2157px) 100vw, 2157px\" \/><\/a>\n\t\t\t\t\t<\/div>\n\t\t\n\t\t\t\n\t\t\t<div class=\"uael-post__content-wrap uael-content-wrap-disabled\">\n\t\t\t\t\t\t\t<div class=\"uael-post__terms-wrap\"><span class=\"uael-post__terms\"><span class=\"uael-listing__terms-link\">Zahnbehandlungen<\/span><\/span><\/div>\n\t\t\t\t\t\t<h3 class=\"uael-post__title\">\n\n\t\t\n\t\t\t\t\t\t<a href=\"https:\/\/vitaclinic.hu\/de\/mikor-erdemes-fogorvoshoz-fordulni\/\" target=\"_self\">\n\t\t\t\tWann sollten Sie einen Zahnarzt aufsuchen?\t\t\t<\/a>\n\n\t\t\t\t<\/h3>\n\t\t\n\t\t<div class=\"uael-post__excerpt\">\n\t\t\tWann sollten Sie einen Zahnarzt aufsuchen? Viele Menschen gehen erst dann zum Zahnarzt, wenn sie Schmerzen haben oder ein eindeutiges Problem vorliegt. Doch Zahnprobleme sind oft ...\t\t<\/div>\n\n\t\t\t\t\t<a class=\"uael-post__read-more elementor-button\" href=\"https:\/\/vitaclinic.hu\/de\/mikor-erdemes-fogorvoshoz-fordulni\/\" target=\"_self\" aria-labelledby=\"uael-post-563\">\n\t\t\t\t\t<span class=\"elementor-button-content-wrapper\">\n\t\t\t\t\t\t\t\t\t\t\t\t\t\t<span class=\"elementor-button-icon elementor-align-icon-left\">\n\n\t\t\t\t\t\t\t\t\t\n\t\t\t\t\t\t\t\t<\/span>\n\t\t\t\t\t\t\t\t\t\t\t\t\t\n\t\t\t\t\t\t<span class=\"elementor-button-text\" id=\"uael-post-563\">Mehr lesen \u2192<\/span>\n\t\t\t\t\t<\/span>\n\t\t\t\t<\/a>\n\t\t\t\t\t\t<\/div>\n\t\t\t\n\t\t<\/div>\n\t\t\n\t<\/div>\n\n<\/div>\n\n<div class=\"uael-post-wrapper szajapolas-es-megelozes  sz\u00e1j\u00e1pol\u00e1s-\u00e9s-megel\u0151z\u00e9s\">\n\t<div class=\"uael-post__bg-wrap uael-bg-wrap-disabled\">\n\n\t\t\t\t\n\t\t<div class=\"uael-post__inner-wrap uael-inner-wrap-disabled\">\n\n\t\t\t\t<div class=\"uael-post__thumbnail\">\n\t\t\t\n\t\t\t<a href=\"https:\/\/vitaclinic.hu\/de\/hogyan-orizheti-meg-fogai-egeszseget-hosszu-tavon\/\" target=\"_self\" title=\"Wie k\u00f6nnen Sie die Gesundheit Ihrer Z\u00e4hne langfristig erhalten?\"><img loading=\"lazy\" decoding=\"async\" width=\"2560\" height=\"2560\" src=\"https:\/\/vitaclinic.hu\/wp-content\/uploads\/2026\/03\/young-woman-holding-toothbrush-1-scaled.webp\" class=\"attachment-full size-full wp-image-576\" alt=\"Junge Frau h\u00e4lt Zahnb\u00fcrste in der Hand.\" srcset=\"https:\/\/vitaclinic.hu\/wp-content\/uploads\/2026\/03\/young-woman-holding-toothbrush-1-scaled.webp 2560w, https:\/\/vitaclinic.hu\/wp-content\/uploads\/2026\/03\/young-woman-holding-toothbrush-1-300x300.webp 300w, https:\/\/vitaclinic.hu\/wp-content\/uploads\/2026\/03\/young-woman-holding-toothbrush-1-1024x1024.webp 1024w, https:\/\/vitaclinic.hu\/wp-content\/uploads\/2026\/03\/young-woman-holding-toothbrush-1-150x150.webp 150w, https:\/\/vitaclinic.hu\/wp-content\/uploads\/2026\/03\/young-woman-holding-toothbrush-1-768x768.webp 768w, https:\/\/vitaclinic.hu\/wp-content\/uploads\/2026\/03\/young-woman-holding-toothbrush-1-1536x1536.webp 1536w, https:\/\/vitaclinic.hu\/wp-content\/uploads\/2026\/03\/young-woman-holding-toothbrush-1-2048x2048.webp 2048w\" sizes=\"(max-width: 2560px) 100vw, 2560px\" \/><\/a>\n\t\t\t\t\t<\/div>\n\t\t\n\t\t\t\n\t\t\t<div class=\"uael-post__content-wrap uael-content-wrap-disabled\">\n\t\t\t\t\t\t\t<div class=\"uael-post__terms-wrap\"><span class=\"uael-post__terms\"><span class=\"uael-listing__terms-link\">Mundpflege und Pr\u00e4vention<\/span><\/span><\/div>\n\t\t\t\t\t\t<h3 class=\"uael-post__title\">\n\n\t\t\n\t\t\t\t\t\t<a href=\"https:\/\/vitaclinic.hu\/de\/hogyan-orizheti-meg-fogai-egeszseget-hosszu-tavon\/\" target=\"_self\">\n\t\t\t\tWie k\u00f6nnen Sie die Gesundheit Ihrer Z\u00e4hne langfristig erhalten?\t\t\t<\/a>\n\n\t\t\t\t<\/h3>\n\t\t\n\t\t<div class=\"uael-post__excerpt\">\n\t\t\tDie Rolle einer guten Mundhygiene Die Gesunderhaltung Ihrer Z\u00e4hne ist nicht nur aus \u00e4sthetischen Gr\u00fcnden wichtig, sondern auch f\u00fcr die allgemeine Gesundheit. Eine gute Mundhygiene hilft, die ...\t\t<\/div>\n\n\t\t\t\t\t<a class=\"uael-post__read-more elementor-button\" href=\"https:\/\/vitaclinic.hu\/de\/hogyan-orizheti-meg-fogai-egeszseget-hosszu-tavon\/\" target=\"_self\" aria-labelledby=\"uael-post-561\">\n\t\t\t\t\t<span class=\"elementor-button-content-wrapper\">\n\t\t\t\t\t\t\t\t\t\t\t\t\t\t<span class=\"elementor-button-icon elementor-align-icon-left\">\n\n\t\t\t\t\t\t\t\t\t\n\t\t\t\t\t\t\t\t<\/span>\n\t\t\t\t\t\t\t\t\t\t\t\t\t\n\t\t\t\t\t\t<span class=\"elementor-button-text\" id=\"uael-post-561\">Mehr lesen \u2192<\/span>\n\t\t\t\t\t<\/span>\n\t\t\t\t<\/a>\n\t\t\t\t\t\t<\/div>\n\t\t\t\n\t\t<\/div>\n\t\t\n\t<\/div>\n\n<\/div>\n\t\t\t\t<\/div>\n\t\t\t\t\t\t\n\t\t<\/div>\n\n\t\t\t\t\t\t<\/div>\n\t\t<div class=\"uael-post__footer\">\n\t\t\t\t\t<\/div>\n\t\t\t\t\t\t<\/div>\n\t\t\t\t<\/div>\n\t\t\t\t\t<\/div>\n\t\t\t\t<\/div>\n\t\t\t\t<\/div>\n\t\t\t\t<\/div>","protected":false},"excerpt":{"rendered":"<p>Eg\u00e9szs\u00e9ges mosoly blog Hasznos inform\u00e1ci\u00f3k, szak\u00e9rt\u0151i tan\u00e1csok \u00e9s \u00e9rdekess\u00e9gek a fog\u00e1szat vil\u00e1g\u00e1b\u00f3l. Blogunkban seg\u00edt\u00fcnk eligazodni a kezel\u00e9sek, a sz\u00e1j\u00e1pol\u00e1s \u00e9s a modern fog\u00e1szati megold\u00e1sok t\u00e9m\u00e1j\u00e1ban. K\u00e9rjen id\u0151pontot konzult\u00e1ci\u00f3ra \u00d6sszes Eszt\u00e9tikai fog\u00e1szat Fog\u00e1szati kezel\u00e9sek Fogszab\u00e1lyoz\u00e1s Sz\u00e1j\u00e1pol\u00e1s \u00e9s megel\u0151z\u00e9s \u00d6sszes \u00d6sszes Eszt\u00e9tikai fog\u00e1szat Fog\u00e1szati kezel\u00e9sek Fogszab\u00e1lyoz\u00e1s Sz\u00e1j\u00e1pol\u00e1s \u00e9s megel\u0151z\u00e9s Sz\u00e1j\u00e1pol\u00e1s \u00e9s megel\u0151z\u00e9s Mi\u00e9rt fontos a rendszeres fogorvosi [&hellip;]<\/p>\n","protected":false},"author":1,"featured_media":0,"parent":0,"menu_order":0,"comment_status":"closed","ping_status":"closed","template":"","meta":{"_acf_changed":false,"footnotes":""},"class_list":["post-586","page","type-page","status-publish","hentry"],"acf":[],"_links":{"self":[{"href":"https:\/\/vitaclinic.hu\/de\/wp-json\/wp\/v2\/pages\/586","targetHints":{"allow":["GET"]}}],"collection":[{"href":"https:\/\/vitaclinic.hu\/de\/wp-json\/wp\/v2\/pages"}],"about":[{"href":"https:\/\/vitaclinic.hu\/de\/wp-json\/wp\/v2\/types\/page"}],"author":[{"embeddable":true,"href":"https:\/\/vitaclinic.hu\/de\/wp-json\/wp\/v2\/users\/1"}],"replies":[{"embeddable":true,"href":"https:\/\/vitaclinic.hu\/de\/wp-json\/wp\/v2\/comments?post=586"}],"version-history":[{"count":3,"href":"https:\/\/vitaclinic.hu\/de\/wp-json\/wp\/v2\/pages\/586\/revisions"}],"predecessor-version":[{"id":1350,"href":"https:\/\/vitaclinic.hu\/de\/wp-json\/wp\/v2\/pages\/586\/revisions\/1350"}],"wp:attachment":[{"href":"https:\/\/vitaclinic.hu\/de\/wp-json\/wp\/v2\/media?parent=586"}],"curies":[{"name":"wp","href":"https:\/\/api.w.org\/{rel}","templated":true}]}}